{"id":722,"date":"2022-11-18T14:13:00","date_gmt":"2022-11-18T19:13:00","guid":{"rendered":"http:\/\/iccedenuevolaredo.org\/wpicce\/?page_id=722"},"modified":"2022-11-18T14:13:00","modified_gmt":"2022-11-18T19:13:00","slug":"cuenta-publica-2021-transparencia","status":"publish","type":"page","link":"https:\/\/iccedenuevolaredo.org\/wpicce\/cuenta-publica-2021-transparencia\/","title":{"rendered":"Cuenta P\u00fablica 2021 (Transparencia)"},"content":{"rendered":"\n<p><a href=\"http:\/\/iccedenuevolaredo.org\/Transparencia02\/transp2021\/AyudasySubsidios-ICCE.pdf\">Ayudas y Subsidios<\/a><\/p>\n\n\n\n<p><a href=\"http:\/\/iccedenuevolaredo.org\/wpicce\/wp-content\/uploads\/2022\/08\/pas_cont.pdf\">Pasivos Contingentes<\/a><\/p>\n\n\n\n<p><a href=\"http:\/\/iccedenuevolaredo.org\/wpicce\/wp-content\/uploads\/2022\/08\/end_neto.pdf\">Endeudamiento Neto<\/a><\/p>\n\n\n\n<p><a href=\"http:\/\/iccedenuevolaredo.org\/wpicce\/wp-content\/uploads\/2022\/08\/gast_cat_prg.pdf\">Gasto por Categor\u00eda Program\u00e1tica<\/a><\/p>\n\n\n\n<p><a href=\"http:\/\/iccedenuevolaredo.org\/wpicce\/wp-content\/uploads\/2022\/08\/ind_res.pdf\">Indicadores de Resultados<\/a><\/p>\n\n\n\n<p><a href=\"http:\/\/iccedenuevolaredo.org\/wpicce\/wp-content\/uploads\/2022\/08\/prog_proy_inv.pdf\">Programas y Proyectos de Inversi\u00f3n<\/a><\/p>\n\n\n\n<p><a href=\"http:\/\/iccedenuevolaredo.org\/wpicce\/wp-content\/uploads\/2022\/08\/InteresesdelaDeuda.pdf\">Intereses de la Deuda<\/a><\/p>\n\n\n\n<p><a href=\"http:\/\/iccedenuevolaredo.org\/wpicce\/wp-content\/uploads\/2022\/11\/cuenta_pub_2021.pdf\">Cuenta P\u00fablica 2021<\/a><\/p>\n","protected":false},"excerpt":{"rendered":"<p>Ayudas y Subsidios Pasivos Contingentes Endeudamiento Neto Gasto por Categor\u00eda Program\u00e1tica Indicadores de Resultados Programas y Proyectos de Inversi\u00f3n Intereses de la Deuda Cuenta P\u00fablica 2021<\/p>\n","protected":false},"author":1,"featured_media":0,"parent":0,"menu_order":0,"comment_status":"closed","ping_status":"closed","template":"","meta":{"footnotes":""},"class_list":["post-722","page","type-page","status-publish","hentry"],"_links":{"self":[{"href":"https:\/\/iccedenuevolaredo.org\/wpicce\/wp-json\/wp\/v2\/pages\/722","targetHints":{"allow":["GET"]}}],"collection":[{"href":"https:\/\/iccedenuevolaredo.org\/wpicce\/wp-json\/wp\/v2\/pages"}],"about":[{"href":"https:\/\/iccedenuevolaredo.org\/wpicce\/wp-json\/wp\/v2\/types\/page"}],"author":[{"embeddable":true,"href":"https:\/\/iccedenuevolaredo.org\/wpicce\/wp-json\/wp\/v2\/users\/1"}],"replies":[{"embeddable":true,"href":"https:\/\/iccedenuevolaredo.org\/wpicce\/wp-json\/wp\/v2\/comments?post=722"}],"version-history":[{"count":1,"href":"https:\/\/iccedenuevolaredo.org\/wpicce\/wp-json\/wp\/v2\/pages\/722\/revisions"}],"predecessor-version":[{"id":723,"href":"https:\/\/iccedenuevolaredo.org\/wpicce\/wp-json\/wp\/v2\/pages\/722\/revisions\/723"}],"wp:attachment":[{"href":"https:\/\/iccedenuevolaredo.org\/wpicce\/wp-json\/wp\/v2\/media?parent=722"}],"curies":[{"name":"wp","href":"https:\/\/api.w.org\/{rel}","templated":true}]}}