{"id":64,"date":"2021-06-14T17:21:22","date_gmt":"2021-06-14T17:21:22","guid":{"rendered":"http:\/\/iccedenuevolaredo.org\/wpicce\/?page_id=64"},"modified":"2021-06-24T16:24:02","modified_gmt":"2021-06-24T16:24:02","slug":"mision-y-vision","status":"publish","type":"page","link":"https:\/\/iccedenuevolaredo.org\/wpicce\/mision-y-vision\/","title":{"rendered":"Misi\u00f3n y Visi\u00f3n"},"content":{"rendered":"\n<figure class=\"wp-block-image size-large\"><img fetchpriority=\"high\" decoding=\"async\" width=\"1024\" height=\"268\" src=\"http:\/\/iccedenuevolaredo.org\/wpicce\/wp-content\/uploads\/2021\/06\/image-1024x268.jpeg\" alt=\"\" class=\"wp-image-66\" srcset=\"https:\/\/iccedenuevolaredo.org\/wpicce\/wp-content\/uploads\/2021\/06\/image-1024x268.jpeg 1024w, https:\/\/iccedenuevolaredo.org\/wpicce\/wp-content\/uploads\/2021\/06\/image-300x78.jpeg 300w, https:\/\/iccedenuevolaredo.org\/wpicce\/wp-content\/uploads\/2021\/06\/image-768x201.jpeg 768w, https:\/\/iccedenuevolaredo.org\/wpicce\/wp-content\/uploads\/2021\/06\/image.jpeg 1458w\" sizes=\"(max-width: 1024px) 100vw, 1024px\" \/><\/figure>\n\n\n\n<h2 class=\"wp-block-heading\">Misi\u00f3n<\/h2>\n\n\n\n<p>Impulsar una cultura de competitividad a trav\u00e9s del conocimiento y contribuir con investigaci\u00f3n, asesor\u00eda y promoci\u00f3n para mejorar el desarrollo integral del municipio de Nuevo Laredo involucrando al gobierno, empresas, universidades y otras organizaciones de la sociedad.<\/p>\n\n\n\n<hr class=\"wp-block-separator\"\/>\n\n\n\n<h2 class=\"wp-block-heading\">Visi\u00f3n<\/h2>\n\n\n\n<p class=\"has-text-align-left\">Consolidar a Nuevo Laredo como el municipio m\u00e1s competitivo de M\u00e9xico y Am\u00e9rica Latina con un ambiente que incentive la inversi\u00f3n local y extranjera mejore las oportunidades de empleo y eleve la calidad de vida en esta frontera.\u00a0\u00a0<\/p>\n","protected":false},"excerpt":{"rendered":"<p>Misi\u00f3n Impulsar una cultura de competitividad a trav\u00e9s del conocimiento y contribuir con investigaci\u00f3n, asesor\u00eda y promoci\u00f3n para mejorar el desarrollo integral del municipio de Nuevo Laredo involucrando al gobierno, empresas, universidades y otras organizaciones de la sociedad. Visi\u00f3n Consolidar a Nuevo Laredo como el municipio m\u00e1s competitivo de M\u00e9xico y Am\u00e9rica Latina con un [&hellip;]<\/p>\n","protected":false},"author":1,"featured_media":0,"parent":0,"menu_order":0,"comment_status":"closed","ping_status":"closed","template":"","meta":{"footnotes":""},"class_list":["post-64","page","type-page","status-publish","hentry"],"_links":{"self":[{"href":"https:\/\/iccedenuevolaredo.org\/wpicce\/wp-json\/wp\/v2\/pages\/64","targetHints":{"allow":["GET"]}}],"collection":[{"href":"https:\/\/iccedenuevolaredo.org\/wpicce\/wp-json\/wp\/v2\/pages"}],"about":[{"href":"https:\/\/iccedenuevolaredo.org\/wpicce\/wp-json\/wp\/v2\/types\/page"}],"author":[{"embeddable":true,"href":"https:\/\/iccedenuevolaredo.org\/wpicce\/wp-json\/wp\/v2\/users\/1"}],"replies":[{"embeddable":true,"href":"https:\/\/iccedenuevolaredo.org\/wpicce\/wp-json\/wp\/v2\/comments?post=64"}],"version-history":[{"count":3,"href":"https:\/\/iccedenuevolaredo.org\/wpicce\/wp-json\/wp\/v2\/pages\/64\/revisions"}],"predecessor-version":[{"id":274,"href":"https:\/\/iccedenuevolaredo.org\/wpicce\/wp-json\/wp\/v2\/pages\/64\/revisions\/274"}],"wp:attachment":[{"href":"https:\/\/iccedenuevolaredo.org\/wpicce\/wp-json\/wp\/v2\/media?parent=64"}],"curies":[{"name":"wp","href":"https:\/\/api.w.org\/{rel}","templated":true}]}}