{"id":22,"date":"2021-06-14T15:30:23","date_gmt":"2021-06-14T15:30:23","guid":{"rendered":"http:\/\/iccedenuevolaredo.org\/wpicce\/?page_id=22"},"modified":"2022-03-07T13:52:07","modified_gmt":"2022-03-07T18:52:07","slug":"contacto","status":"publish","type":"page","link":"https:\/\/iccedenuevolaredo.org\/wpicce\/contacto\/","title":{"rendered":"Contacto"},"content":{"rendered":"\n<figure class=\"wp-block-pullquote\"><blockquote><p>Instituto para la Competitividad y el Comercio Exterior del Municipio de Nuevo Laredo<\/p><cite>Direcci\u00f3n: Matamoros No. 309 Altos, Sector Centro. C.P. 88000, Nuevo Laredo, Tamaulipas, M\u00e9x<\/cite><\/blockquote><\/figure>\n\n\n\n<p class=\"has-text-align-center\">Tel\u00e9fono: 867 712 0525 \/ 867 712 1971<\/p>\n\n\n<div class=\"wpforms-container wpforms-container-full wpforms-block\" id=\"wpforms-272\"><form id=\"wpforms-form-272\" class=\"wpforms-validate wpforms-form\" data-formid=\"272\" method=\"post\" enctype=\"multipart\/form-data\" action=\"\/wpicce\/wp-json\/wp\/v2\/pages\/22\" data-token=\"8b06a8e6f836790227d37500e9621569\" data-token-time=\"1775625571\"><noscript class=\"wpforms-error-noscript\">Por favor, activa JavaScript en tu navegador para completar este formulario.<\/noscript><div class=\"wpforms-field-container\"><div id=\"wpforms-272-field_0-container\" class=\"wpforms-field wpforms-field-name\" data-field-id=\"0\"><label class=\"wpforms-field-label\">Nombre <span class=\"wpforms-required-label\">*<\/span><\/label><div class=\"wpforms-field-row wpforms-field-medium\"><div class=\"wpforms-field-row-block wpforms-first wpforms-one-half\"><input type=\"text\" id=\"wpforms-272-field_0\" class=\"wpforms-field-name-first wpforms-field-required\" name=\"wpforms[fields][0][first]\" required><label for=\"wpforms-272-field_0\" class=\"wpforms-field-sublabel after\">Nombre<\/label><\/div><div class=\"wpforms-field-row-block wpforms-one-half\"><input type=\"text\" id=\"wpforms-272-field_0-last\" class=\"wpforms-field-name-last wpforms-field-required\" name=\"wpforms[fields][0][last]\" required><label for=\"wpforms-272-field_0-last\" class=\"wpforms-field-sublabel after\">Apellidos<\/label><\/div><\/div><\/div><div id=\"wpforms-272-field_1-container\" class=\"wpforms-field wpforms-field-email\" data-field-id=\"1\"><label class=\"wpforms-field-label\" for=\"wpforms-272-field_1\">Correo electr\u00f3nico <span class=\"wpforms-required-label\">*<\/span><\/label><input type=\"email\" id=\"wpforms-272-field_1\" class=\"wpforms-field-medium wpforms-field-required\" name=\"wpforms[fields][1]\" spellcheck=\"false\" required><\/div><div id=\"wpforms-272-field_2-container\" class=\"wpforms-field wpforms-field-textarea\" data-field-id=\"2\"><label class=\"wpforms-field-label\" for=\"wpforms-272-field_2\">Comentario o mensaje <span class=\"wpforms-required-label\">*<\/span><\/label><textarea id=\"wpforms-272-field_2\" class=\"wpforms-field-medium wpforms-field-required\" name=\"wpforms[fields][2]\" required><\/textarea><\/div><\/div><!-- .wpforms-field-container --><div class=\"wpforms-recaptcha-container wpforms-is-recaptcha wpforms-is-recaptcha-type-invisible\" ><div class=\"g-recaptcha\" data-sitekey=\"6Le0G1QbAAAAAAwF0j9vPTFJ6Eideel2MgUmMxBm\" data-size=\"invisible\"><\/div><\/div><div class=\"wpforms-submit-container\" ><input type=\"hidden\" name=\"wpforms[id]\" value=\"272\"><input type=\"hidden\" name=\"page_title\" value=\"\"><input type=\"hidden\" name=\"page_url\" value=\"https:\/\/iccedenuevolaredo.org\/wpicce\/wp-json\/wp\/v2\/pages\/22\"><input type=\"hidden\" name=\"url_referer\" value=\"\"><button type=\"submit\" name=\"wpforms[submit]\" id=\"wpforms-submit-272\" class=\"wpforms-submit\" data-alt-text=\"Enviando...\" data-submit-text=\"Enviar\" aria-live=\"assertive\" value=\"wpforms-submit\">Enviar<\/button><\/div><\/form><\/div>  <!-- .wpforms-container -->","protected":false},"excerpt":{"rendered":"<p>Instituto para la Competitividad y el Comercio Exterior del Municipio de Nuevo Laredo Direcci\u00f3n: Matamoros No. 309 Altos, Sector Centro. C.P. 88000, Nuevo Laredo, Tamaulipas, M\u00e9x Tel\u00e9fono: 867 712 0525 \/ 867 712 1971<\/p>\n","protected":false},"author":1,"featured_media":0,"parent":0,"menu_order":0,"comment_status":"closed","ping_status":"closed","template":"","meta":{"footnotes":""},"class_list":["post-22","page","type-page","status-publish","hentry"],"_links":{"self":[{"href":"https:\/\/iccedenuevolaredo.org\/wpicce\/wp-json\/wp\/v2\/pages\/22","targetHints":{"allow":["GET"]}}],"collection":[{"href":"https:\/\/iccedenuevolaredo.org\/wpicce\/wp-json\/wp\/v2\/pages"}],"about":[{"href":"https:\/\/iccedenuevolaredo.org\/wpicce\/wp-json\/wp\/v2\/types\/page"}],"author":[{"embeddable":true,"href":"https:\/\/iccedenuevolaredo.org\/wpicce\/wp-json\/wp\/v2\/users\/1"}],"replies":[{"embeddable":true,"href":"https:\/\/iccedenuevolaredo.org\/wpicce\/wp-json\/wp\/v2\/comments?post=22"}],"version-history":[{"count":10,"href":"https:\/\/iccedenuevolaredo.org\/wpicce\/wp-json\/wp\/v2\/pages\/22\/revisions"}],"predecessor-version":[{"id":1025,"href":"https:\/\/iccedenuevolaredo.org\/wpicce\/wp-json\/wp\/v2\/pages\/22\/revisions\/1025"}],"wp:attachment":[{"href":"https:\/\/iccedenuevolaredo.org\/wpicce\/wp-json\/wp\/v2\/media?parent=22"}],"curies":[{"name":"wp","href":"https:\/\/api.w.org\/{rel}","templated":true}]}}