{"id":20,"date":"2021-06-14T15:30:23","date_gmt":"2021-06-14T15:30:23","guid":{"rendered":"http:\/\/iccedenuevolaredo.org\/wpicce\/?page_id=20"},"modified":"2022-08-03T14:48:09","modified_gmt":"2022-08-03T19:48:09","slug":"crea-tu-web-con-bloques","status":"publish","type":"page","link":"https:\/\/iccedenuevolaredo.org\/wpicce\/","title":{"rendered":"Instituto para la Competitividad y el Comercio Exterior de Nuevo Laredo"},"content":{"rendered":"\n<div class=\"wp-block-columns is-layout-flex wp-container-core-columns-is-layout-28f84493 wp-block-columns-is-layout-flex\">\n<div class=\"wp-block-column is-layout-flow wp-block-column-is-layout-flow\"><div class=\"wp-block-image\">\n<figure class=\"aligncenter\"><img fetchpriority=\"high\" decoding=\"async\" width=\"300\" height=\"300\" src=\"http:\/\/iccedenuevolaredo.org\/wpicce\/wp-content\/uploads\/2021\/06\/competitividad.jpg\" alt=\"\" class=\"wp-image-172\" srcset=\"https:\/\/iccedenuevolaredo.org\/wpicce\/wp-content\/uploads\/2021\/06\/competitividad.jpg 300w, https:\/\/iccedenuevolaredo.org\/wpicce\/wp-content\/uploads\/2021\/06\/competitividad-150x150.jpg 150w\" sizes=\"(max-width: 300px) 100vw, 300px\" \/><\/figure>\n<\/div>\n\n\n<div class=\"wp-block-buttons is-horizontal is-content-justification-center is-layout-flex wp-container-core-buttons-is-layout-03627597 wp-block-buttons-is-layout-flex\">\n<div class=\"wp-block-button\"><a class=\"wp-block-button__link has-white-color has-text-color has-background\" href=\"http:\/\/iccedenuevolaredo.org\/wpicce\/?cat=12\" style=\"background-color:#323539\"><strong>Informaci\u00f3n de Competitividad<\/strong><\/a><\/div>\n<\/div>\n<\/div>\n\n\n\n<div class=\"wp-block-column is-layout-flow wp-block-column-is-layout-flow\"><div class=\"wp-block-image\">\n<figure class=\"aligncenter\"><img decoding=\"async\" width=\"300\" height=\"300\" src=\"http:\/\/iccedenuevolaredo.org\/wpicce\/wp-content\/uploads\/2021\/06\/comercioexterior.jpg\" alt=\"\" class=\"wp-image-173\" srcset=\"https:\/\/iccedenuevolaredo.org\/wpicce\/wp-content\/uploads\/2021\/06\/comercioexterior.jpg 300w, https:\/\/iccedenuevolaredo.org\/wpicce\/wp-content\/uploads\/2021\/06\/comercioexterior-150x150.jpg 150w\" sizes=\"(max-width: 300px) 100vw, 300px\" \/><\/figure>\n<\/div>\n\n\n<div class=\"wp-block-buttons is-horizontal is-content-justification-center is-layout-flex wp-container-core-buttons-is-layout-03627597 wp-block-buttons-is-layout-flex\">\n<div class=\"wp-block-button\"><a class=\"wp-block-button__link has-white-color has-text-color has-background\" href=\"http:\/\/iccedenuevolaredo.org\/wpicce\/?cat=13\" style=\"background-color:#323539\"><strong>Informaci\u00f3n de Comercio Exterior<\/strong><\/a><\/div>\n<\/div>\n<\/div>\n\n\n\n<div class=\"wp-block-column is-layout-flow wp-block-column-is-layout-flow\"><div class=\"wp-block-image\">\n<figure class=\"aligncenter\"><img decoding=\"async\" width=\"300\" height=\"300\" src=\"http:\/\/iccedenuevolaredo.org\/wpicce\/wp-content\/uploads\/2021\/06\/informacionsoc.jpg\" alt=\"\" class=\"wp-image-174\" srcset=\"https:\/\/iccedenuevolaredo.org\/wpicce\/wp-content\/uploads\/2021\/06\/informacionsoc.jpg 300w, https:\/\/iccedenuevolaredo.org\/wpicce\/wp-content\/uploads\/2021\/06\/informacionsoc-150x150.jpg 150w\" sizes=\"(max-width: 300px) 100vw, 300px\" \/><\/figure>\n<\/div>\n\n\n<div class=\"wp-block-buttons alignwide is-horizontal is-content-justification-center is-layout-flex wp-container-core-buttons-is-layout-03627597 wp-block-buttons-is-layout-flex\">\n<div class=\"wp-block-button\"><a class=\"wp-block-button__link has-white-color has-text-color has-background\" href=\"http:\/\/iccedenuevolaredo.org\/wpicce\/?cat=14\" style=\"background-color:#323539\"><strong>Informaci\u00f3n Socioecon\u00f3mica<\/strong><\/a><\/div>\n<\/div>\n<\/div>\n<\/div>\n\n\n\n<div class=\"wp-block-cover is-light\"><span aria-hidden=\"true\" class=\"wp-block-cover__background has-black-background-color has-background-dim-30 has-background-dim\"><\/span><img loading=\"lazy\" decoding=\"async\" width=\"2560\" height=\"1700\" class=\"wp-block-cover__image-background wp-image-181\" alt=\"\" src=\"http:\/\/iccedenuevolaredo.org\/wpicce\/wp-content\/uploads\/2021\/06\/DSC_6361-scaled.jpg\" data-object-fit=\"cover\" srcset=\"https:\/\/iccedenuevolaredo.org\/wpicce\/wp-content\/uploads\/2021\/06\/DSC_6361-scaled.jpg 2560w, https:\/\/iccedenuevolaredo.org\/wpicce\/wp-content\/uploads\/2021\/06\/DSC_6361-300x199.jpg 300w, https:\/\/iccedenuevolaredo.org\/wpicce\/wp-content\/uploads\/2021\/06\/DSC_6361-1024x680.jpg 1024w, https:\/\/iccedenuevolaredo.org\/wpicce\/wp-content\/uploads\/2021\/06\/DSC_6361-768x510.jpg 768w, https:\/\/iccedenuevolaredo.org\/wpicce\/wp-content\/uploads\/2021\/06\/DSC_6361-1536x1020.jpg 1536w, https:\/\/iccedenuevolaredo.org\/wpicce\/wp-content\/uploads\/2021\/06\/DSC_6361-2048x1360.jpg 2048w\" sizes=\"(max-width: 2560px) 100vw, 2560px\" \/><div class=\"wp-block-cover__inner-container is-layout-flow wp-block-cover-is-layout-flow\">\n<h1 class=\"has-text-align-center has-white-color has-text-color wp-block-heading\"><strong>Nuevo Laredo &#8220;Plataforma Aduanera y Log\u00edstica m\u00e1s importante de Am\u00e9rica&#8221;<\/strong><\/h1>\n<\/div><\/div>\n\n\n\n<h2 class=\"has-text-align-center wp-block-heading\"><strong>Organismos Comprometidos con la Competitividad<\/strong><\/h2>\n\n\n<div class=\"wp-block-image\">\n<figure class=\"aligncenter size-full\"><img loading=\"lazy\" decoding=\"async\" width=\"900\" height=\"300\" src=\"http:\/\/iccedenuevolaredo.org\/wpicce\/wp-content\/uploads\/2022\/03\/bannerorganismos_act.jpg\" alt=\"organismos_banner02\" class=\"wp-image-540\" srcset=\"https:\/\/iccedenuevolaredo.org\/wpicce\/wp-content\/uploads\/2022\/03\/bannerorganismos_act.jpg 900w, https:\/\/iccedenuevolaredo.org\/wpicce\/wp-content\/uploads\/2022\/03\/bannerorganismos_act-300x100.jpg 300w, https:\/\/iccedenuevolaredo.org\/wpicce\/wp-content\/uploads\/2022\/03\/bannerorganismos_act-768x256.jpg 768w\" sizes=\"(max-width: 900px) 100vw, 900px\" \/><\/figure>\n<\/div>","protected":false},"excerpt":{"rendered":"<p>Organismos Comprometidos con la Competitividad<\/p>\n","protected":false},"author":1,"featured_media":0,"parent":0,"menu_order":0,"comment_status":"closed","ping_status":"closed","template":"","meta":{"footnotes":""},"class_list":["post-20","page","type-page","status-publish","hentry"],"_links":{"self":[{"href":"https:\/\/iccedenuevolaredo.org\/wpicce\/wp-json\/wp\/v2\/pages\/20","targetHints":{"allow":["GET"]}}],"collection":[{"href":"https:\/\/iccedenuevolaredo.org\/wpicce\/wp-json\/wp\/v2\/pages"}],"about":[{"href":"https:\/\/iccedenuevolaredo.org\/wpicce\/wp-json\/wp\/v2\/types\/page"}],"author":[{"embeddable":true,"href":"https:\/\/iccedenuevolaredo.org\/wpicce\/wp-json\/wp\/v2\/users\/1"}],"replies":[{"embeddable":true,"href":"https:\/\/iccedenuevolaredo.org\/wpicce\/wp-json\/wp\/v2\/comments?post=20"}],"version-history":[{"count":21,"href":"https:\/\/iccedenuevolaredo.org\/wpicce\/wp-json\/wp\/v2\/pages\/20\/revisions"}],"predecessor-version":[{"id":606,"href":"https:\/\/iccedenuevolaredo.org\/wpicce\/wp-json\/wp\/v2\/pages\/20\/revisions\/606"}],"wp:attachment":[{"href":"https:\/\/iccedenuevolaredo.org\/wpicce\/wp-json\/wp\/v2\/media?parent=20"}],"curies":[{"name":"wp","href":"https:\/\/api.w.org\/{rel}","templated":true}]}}